{"id":402,"date":"2024-03-02T14:26:28","date_gmt":"2024-03-02T13:26:28","guid":{"rendered":"http:\/\/localhost\/test\/?page_id=326"},"modified":"2024-04-07T21:11:44","modified_gmt":"2024-04-07T19:11:44","slug":"326-2","status":"publish","type":"page","link":"https:\/\/www.penzionkrasna.cz\/?page_id=402","title":{"rendered":""},"content":{"rendered":"\t\t<div data-elementor-type=\"wp-page\" data-elementor-id=\"402\" class=\"elementor elementor-402\">\n\t\t\t\t<div class=\"elementor-element elementor-element-28efa36 e-con-full e-flex e-con e-parent\" data-id=\"28efa36\" data-element_type=\"container\" data-core-v316-plus=\"true\">\n\t\t\t\t<div class=\"elementor-element elementor-element-af6843b e-transform elementor-widget elementor-widget-text-editor\" data-id=\"af6843b\" data-element_type=\"widget\" data-settings=\"{&quot;_transform_scale_effect&quot;:{&quot;unit&quot;:&quot;px&quot;,&quot;size&quot;:&quot;&quot;,&quot;sizes&quot;:[]},&quot;_transform_scale_effect_tablet&quot;:{&quot;unit&quot;:&quot;px&quot;,&quot;size&quot;:&quot;&quot;,&quot;sizes&quot;:[]},&quot;_transform_scale_effect_mobile&quot;:{&quot;unit&quot;:&quot;px&quot;,&quot;size&quot;:&quot;&quot;,&quot;sizes&quot;:[]}}\" data-widget_type=\"text-editor.default\">\n\t\t\t\t<div class=\"elementor-widget-container\">\n\t\t\t<style>\/*! elementor - v3.20.0 - 26-03-2024 *\/\n.elementor-widget-text-editor.elementor-drop-cap-view-stacked .elementor-drop-cap{background-color:#69727d;color:#fff}.elementor-widget-text-editor.elementor-drop-cap-view-framed .elementor-drop-cap{color:#69727d;border:3px solid;background-color:transparent}.elementor-widget-text-editor:not(.elementor-drop-cap-view-default) .elementor-drop-cap{margin-top:8px}.elementor-widget-text-editor:not(.elementor-drop-cap-view-default) .elementor-drop-cap-letter{width:1em;height:1em}.elementor-widget-text-editor .elementor-drop-cap{float:left;text-align:center;line-height:1;font-size:50px}.elementor-widget-text-editor .elementor-drop-cap-letter{display:inline-block}<\/style>\t\t\t\t<!-- wp:paragraph {\"fontSize\":\"large\"} -->\n<p class=\"has-large-font-size\"><strong>Penzion Kr\u00e1sn\u00e1\u00a0<\/strong><\/p>\n<!-- \/wp:paragraph --><!-- wp:paragraph -->\n<p>\u00a0<\/p>\n<!-- \/wp:paragraph -->\t\t\t\t\t\t<\/div>\n\t\t\t\t<\/div>\n\t\t\t\t<div class=\"elementor-element elementor-element-a90f589 animated-slow elementor-invisible elementor-widget elementor-widget-video\" data-id=\"a90f589\" data-element_type=\"widget\" data-settings=\"{&quot;autoplay&quot;:&quot;yes&quot;,&quot;play_on_mobile&quot;:&quot;yes&quot;,&quot;_animation&quot;:&quot;fadeIn&quot;,&quot;loop&quot;:&quot;yes&quot;,&quot;video_type&quot;:&quot;hosted&quot;,&quot;controls&quot;:&quot;yes&quot;}\" data-widget_type=\"video.default\">\n\t\t\t\t<div class=\"elementor-widget-container\">\n\t\t\t<style>\/*! elementor - v3.20.0 - 26-03-2024 *\/\n.elementor-widget-video .elementor-widget-container{overflow:hidden;transform:translateZ(0)}.elementor-widget-video .elementor-wrapper{aspect-ratio:var(--video-aspect-ratio)}.elementor-widget-video .elementor-wrapper iframe,.elementor-widget-video .elementor-wrapper video{height:100%;width:100%;display:flex;border:none;background-color:#000}@supports not (aspect-ratio:1\/1){.elementor-widget-video .elementor-wrapper{position:relative;overflow:hidden;height:0;padding-bottom:calc(100% \/ var(--video-aspect-ratio))}.elementor-widget-video .elementor-wrapper iframe,.elementor-widget-video .elementor-wrapper video{position:absolute;top:0;right:0;bottom:0;left:0}}.elementor-widget-video .elementor-open-inline .elementor-custom-embed-image-overlay{position:absolute;top:0;right:0;bottom:0;left:0;background-size:cover;background-position:50%}.elementor-widget-video .elementor-custom-embed-image-overlay{cursor:pointer;text-align:center}.elementor-widget-video .elementor-custom-embed-image-overlay:hover .elementor-custom-embed-play i{opacity:1}.elementor-widget-video .elementor-custom-embed-image-overlay img{display:block;width:100%;aspect-ratio:var(--video-aspect-ratio);-o-object-fit:cover;object-fit:cover;-o-object-position:center center;object-position:center center}@supports not (aspect-ratio:1\/1){.elementor-widget-video .elementor-custom-embed-image-overlay{position:relative;overflow:hidden;height:0;padding-bottom:calc(100% \/ var(--video-aspect-ratio))}.elementor-widget-video .elementor-custom-embed-image-overlay img{position:absolute;top:0;right:0;bottom:0;left:0}}.elementor-widget-video .e-hosted-video .elementor-video{-o-object-fit:cover;object-fit:cover}.e-con-inner>.elementor-widget-video,.e-con>.elementor-widget-video{width:var(--container-widget-width);--flex-grow:var(--container-widget-flex-grow)}<\/style>\t\t<div class=\"e-hosted-video elementor-wrapper elementor-open-inline\">\n\t\t\t\t\t<video class=\"elementor-video\" src=\"https:\/\/www.penzionkrasna.cz\/wp-content\/uploads\/2024\/04\/stranky.mp4\" autoplay=\"\" loop=\"\" controls=\"\" playsinline=\"\" controlsList=\"nodownload\"><\/video>\n\t\t\t\t<\/div>\n\t\t\t\t<\/div>\n\t\t\t\t<\/div>\n\t\t\t\t<div class=\"elementor-element elementor-element-4e5624b elementor-widget elementor-widget-text-editor\" data-id=\"4e5624b\" data-element_type=\"widget\" data-widget_type=\"text-editor.default\">\n\t\t\t\t<div class=\"elementor-widget-container\">\n\t\t\t\t\t\t\t<p style=\"text-align: center;\"><strong>\u00a0\u00a0\u00a0\u00a0<\/strong><strong>&#8211; rodinn\u00fd penzion se nach\u00e1z\u00ed v klidn\u00e9m prost\u0159ed\u00ed Jizersk\u00fdch hor, na kraji lesa v obci Kr\u00e1sn\u00e1, kter\u00e1 byla s\u00eddlem zn\u00e1m\u00e9ho ranhoji\u010de Eleazara Kittla, <\/strong><strong>zvan\u00e9ho Faust Jizersk\u00fdch hor.<\/strong><strong> Pod zn\u00e1m\u00fdm vrchem s rozhlednou \u201e\u010cern\u00e1 studnice\u201c, nab\u00edz\u00edme hromadn\u00fdm pobyt\u016fm nad 20 osob celoro\u010dn\u00ed slu\u017eby. Provozujeme d\u011btsk\u00e9 pobyt ji\u017e od roku 1995. <\/strong><\/p>\n<p><strong>\u00a0 \u00a0Penzion <\/strong><strong>m\u00e1<\/strong><span style=\"text-decoration: underline;\"><span style=\"color: #0000ff;\"><a style=\"color: #0000ff; text-decoration: underline;\" href=\"https:\/\/www.penzionkrasna.cz\/?page_id=400\" target=\"_blank\" rel=\"noopener\"><strong> 9 pokoj\u016f s vlastn\u00edm soc. za\u0159\u00edzen\u00edm.<\/strong> <\/a><\/span><\/span><strong>U penzionu je h\u0159i\u0161t\u011b a vyh\u0159\u00edvan\u00fd baz\u00e9n 4 x 8m., trampol\u00edna, d\u011btsk\u00e1 lanovka, p\u00edskovi\u0161t\u011b. V cen\u011b pobytu je k dispozici t\u011blocvi\u010dna ( 15m x 12m ) cca 800m od penzionu. <\/strong><strong>Dal\u0161\u00ed mo\u017enost koup\u00e1n\u00ed je na bl\u00edzk\u00e9m koupali\u0161ti.<\/strong><strong>\u00a0 M\u00edsto je celoro\u010dn\u011b vhodn\u00e9 pro turistiku a v\u00fdlety do bl\u00edzk\u00e9ho okol\u00ed. Z t\u00e9to o\u00e1zy klidu je pouh\u00fdch 6 km do m\u011bsta Jablonce n.N., 17 km do Liberce,\u00a0<\/strong><strong>7 km do Smr\u017eovky, 8km do \u017delezn\u00e9ho Brodu.<\/strong><strong>\u00a0 \u00a0<\/strong><\/p>\n<p><strong>\u00a0 <\/strong><strong>D\u011btsk\u00fd hromadn\u00fd pobyt za\u010d\u00edn\u00e1 ob\u011bdem a kon\u010d\u00ed sn\u00eddan\u00ed ( po domluv\u011b mo\u017eno zm\u011bnit ). Po ob\u011bd\u011b umo\u017en\u00edme p\u0159\u00edstup na pokoje. <\/strong><strong>P\u0159i pobytu \u0161koly v p\u0159\u00edrod\u011b nech\u00e1v\u00e1me v\u017edy penzion k dispozici pouze jedn\u00e9 t\u0159\u00edd\u011b, nikoho dal\u0161\u00edho nep\u0159ib\u00edr\u00e1me.<\/strong><strong> L\u00e9ka\u0159sk\u00e9 o\u0161et\u0159en\u00ed d\u011bt\u00ed m\u00e1me zaji\u0161t\u011bno u Dr. Lejskov\u00e9 ve Zdravotn\u00edm st\u0159edisku P\u011bn\u010d\u00edn, pop\u0159. vezeme d\u011bti na pohotovost do nemocnice v Jablonci n.N.<\/strong><\/p>\t\t\t\t\t\t<\/div>\n\t\t\t\t<\/div>\n\t\t\t\t<\/div>\n\t\t\t\t<\/div>\n\t\t","protected":false},"excerpt":{"rendered":"<p>Penzion Kr\u00e1sn\u00e1\u00a0 \u00a0 https:\/\/www.penzionkrasna.cz\/wp-content\/uploads\/2024\/04\/stranky.mp4 \u00a0\u00a0\u00a0\u00a0&#8211; rodinn\u00fd penzion se nach\u00e1z\u00ed v klidn\u00e9m prost\u0159ed\u00ed Jizersk\u00fdch hor, na kraji lesa v obci Kr\u00e1sn\u00e1, kter\u00e1 byla s\u00eddlem zn\u00e1m\u00e9ho ranhoji\u010de Eleazara Kittla, zvan\u00e9ho Faust Jizersk\u00fdch hor. Pod zn\u00e1m\u00fdm vrchem s rozhlednou \u201e\u010cern\u00e1 studnice\u201c, nab\u00edz\u00edme hromadn\u00fdm pobyt\u016fm nad 20 osob celoro\u010dn\u00ed slu\u017eby. Provozujeme d\u011btsk\u00e9 pobyt ji\u017e od roku 1995. \u00a0 \u00a0Penzion [&hellip;]<\/p>\n","protected":false},"author":1,"featured_media":0,"parent":0,"menu_order":0,"comment_status":"closed","ping_status":"closed","template":"","meta":{"footnotes":""},"class_list":["post-402","page","type-page","status-publish","hentry"],"_links":{"self":[{"href":"https:\/\/www.penzionkrasna.cz\/index.php?rest_route=\/wp\/v2\/pages\/402","targetHints":{"allow":["GET"]}}],"collection":[{"href":"https:\/\/www.penzionkrasna.cz\/index.php?rest_route=\/wp\/v2\/pages"}],"about":[{"href":"https:\/\/www.penzionkrasna.cz\/index.php?rest_route=\/wp\/v2\/types\/page"}],"author":[{"embeddable":true,"href":"https:\/\/www.penzionkrasna.cz\/index.php?rest_route=\/wp\/v2\/users\/1"}],"replies":[{"embeddable":true,"href":"https:\/\/www.penzionkrasna.cz\/index.php?rest_route=%2Fwp%2Fv2%2Fcomments&post=402"}],"version-history":[{"count":42,"href":"https:\/\/www.penzionkrasna.cz\/index.php?rest_route=\/wp\/v2\/pages\/402\/revisions"}],"predecessor-version":[{"id":549,"href":"https:\/\/www.penzionkrasna.cz\/index.php?rest_route=\/wp\/v2\/pages\/402\/revisions\/549"}],"wp:attachment":[{"href":"https:\/\/www.penzionkrasna.cz\/index.php?rest_route=%2Fwp%2Fv2%2Fmedia&parent=402"}],"curies":[{"name":"wp","href":"https:\/\/api.w.org\/{rel}","templated":true}]}}